{"id":8,"date":"2024-10-10T08:40:44","date_gmt":"2024-10-10T08:40:44","guid":{"rendered":"http:\/\/matthewdesign2.wordpress.com\/?page_id=1"},"modified":"2024-11-08T18:20:14","modified_gmt":"2024-11-08T17:20:14","slug":"o-nas","status":"publish","type":"page","link":"https:\/\/www.azbalance.sk\/?page_id=8","title":{"rendered":"Tlmo\u010denie \/ Preklady"},"content":{"rendered":"\n<div style=\"background-image:url(&#039;https:\/\/www.azbalance.sk\/wp-content\/uploads\/2024\/11\/1.png&#039;);background-position:47% 76%;background-size:auto;\" class=\"wp-block-group has-background\"><div class=\"wp-block-group__inner-container is-layout-constrained wp-block-group-is-layout-constrained\">\n<p class=\"has-text-align-center has-text-color has-link-color has-small-font-size wp-elements-95b2d65500d3f5c1cbd3a2835040c10c\" style=\"color:#384c50\">Moje viac ako sedemn\u00e1s\u0165ro\u010dn\u00e9 pracovn\u00e9 a tlmo\u010dn\u00edcke sk\u00fasenosti v oblasti&nbsp;tlmo\u010denia a prekladov zo sloven\u010diny do nem\u010diny&nbsp;vyu\u017eijem vo v\u00e1\u0161 prospech.<br>Tlmo\u010denie a preklady zo sloven\u010diny do nem\u010diny&nbsp;s\u00fa mojou \u0161pecializ\u00e1ciou, a preto zaru\u010dujem, \u017ee va\u0161a spr\u00e1va bude presne odovzdan\u00e1.<\/p>\n<\/div><\/div>\n\n\n\n<div style=\"height:16px\" aria-hidden=\"true\" class=\"wp-block-spacer\"><\/div>\n\n\n\n<div class=\"wp-block-group\"><div class=\"wp-block-group__inner-container is-layout-grid wp-container-core-group-is-layout-5 wp-block-group-is-layout-grid\">\n<div style=\"background-image:url(&#039;https:\/\/www.azbalance.sk\/wp-content\/uploads\/2024\/11\/15.png&#039;);background-position:center;background-repeat:no-repeat;background-size:contain;\" class=\"wp-block-group wp-container-1 is-position-sticky has-background\"><div class=\"wp-block-group__inner-container is-layout-constrained wp-block-group-is-layout-constrained\">\n<div class=\"wp-block-group\"><div class=\"wp-block-group__inner-container is-layout-constrained wp-block-group-is-layout-constrained\">\n<h3 class=\"wp-block-heading has-text-align-center has-text-color has-link-color wp-elements-3ba7c9643532c043d454889cf962c616\" style=\"color:#384c50\">Tlmo\u010denie<\/h3>\n<\/div><\/div>\n\n\n\n<p class=\"has-text-align-justify has-text-color has-link-color has-small-font-size wp-elements-f8ef983f361ef0981bd0929b35e7777d\" style=\"color:#384c50\">Sprev\u00e1dzam V\u00e1s ako konsekut\u00edvna tlmo\u010dn\u00ed\u010dka pri n\u00e1v\u0161tev\u00e1ch deleg\u00e1ci\u00ed, pri stretnutiach, konferenci\u00e1ch, obchodn\u00fdch cest\u00e1ch, prezent\u00e1ci\u00e1ch alebo svadb\u00e1ch a umo\u017en\u00edm komunik\u00e1ciu na medzin\u00e1rodn\u00fdch diskusi\u00e1ch, jednaniach a mnoh\u00fdch in\u00fdch podujatiach. Tie\u017e tlmo\u010denie na obchodn\u00fdch jednaniach patr\u00ed ku m\u00f4jmu reperto\u00e1ru \u2013 aby ka\u017ed\u00fd rozumel ka\u017ed\u00e9mu, v ka\u017edom \u010dase. <\/p>\n<\/div><\/div>\n\n\n\n<div style=\"background-image:url(&#039;https:\/\/www.azbalance.sk\/wp-content\/uploads\/2024\/11\/15.png&#039;);background-position:center;background-repeat:no-repeat;background-size:contain;\" class=\"wp-block-group wp-container-2 is-position-sticky has-background\"><div class=\"wp-block-group__inner-container is-layout-constrained wp-block-group-is-layout-constrained\">\n<h3 class=\"wp-block-heading has-text-align-center has-text-color has-link-color wp-elements-d6ee33cb954e10611cd26960648ec8eb\" style=\"color:#384c50\">Preklady<\/h3>\n\n\n\n<p class=\"has-text-align-justify has-text-color has-link-color has-small-font-size wp-elements-e6250d637851b805faa9d08ad0b9d0fb\" style=\"color:#384c50\">Pri prekladoch mus\u00ed v\u0161etko sedie\u0165 \u2013 by\u0165 obsahovo a&nbsp;jazykovo spr\u00e1vne, prisp\u00f4soben\u00e9 kult\u00fare, cie\u013eov\u00e9mu jazyku a&nbsp;cie\u013eovej skupine. Prenechajte preklad jazykov\u00e9mu profesion\u00e1lovi a&nbsp;investujte do kvality, aby bol V\u00e1\u0161 odkaz spr\u00e1vne pochopen\u00fd.<\/p>\n<\/div><\/div>\n<\/div><\/div>\n\n\n\n<div style=\"height:100px\" aria-hidden=\"true\" class=\"wp-block-spacer\"><\/div>\n\n\n\n<div class=\"wp-block-group is-content-justification-center is-nowrap is-layout-flex wp-container-core-group-is-layout-8 wp-block-group-is-layout-flex\">\n<div class=\"wp-block-group is-vertical is-content-justification-center is-layout-flex wp-container-core-group-is-layout-7 wp-block-group-is-layout-flex\">\n<div style=\"background-image:url(&#039;https:\/\/www.azbalance.sk\/wp-content\/uploads\/2024\/11\/1.png&#039;);background-position:50% 0;background-size:auto;\" class=\"wp-block-group is-horizontal is-content-justification-center is-nowrap is-layout-flex wp-container-core-group-is-layout-6 wp-block-group-is-layout-flex wp-container-3 is-position-sticky has-background\">\n<h3 class=\"wp-block-heading has-text-align-center has-text-color has-link-color wp-elements-5cbef72accb0f194a047ecb0f2b1018d\" style=\"color:#384c50\">Oblasti p\u00f4sobenia<\/h3>\n\n\n\n<p class=\"has-text-align-left has-text-color has-link-color has-small-font-size wp-elements-b350ff5e83915efb3d47bf8cae7d6fd7 wp-container-content-2\" style=\"color:#384c50\">Cestovanie, turistick\u00fd sprievodca, sprievodca v&nbsp;cestovnom ruchu<br>Technick\u00e9 preklady a&nbsp;tlmo\u010denie v&nbsp;r\u00f4znych priemyseln\u00fdch odvetviach<br>Preklady pr\u00e1vnych dokumentov<br>Marketing, reklama, prezent\u00e1cie, webov\u00e9 str\u00e1nky<br>Lek\u00e1rske spr\u00e1vy<br>Obchodn\u00e1 a&nbsp;denn\u00e1 kore\u0161pondencia<\/p>\n<\/div>\n<\/div>\n<\/div>\n\n\n\n<h2 class=\"wp-block-heading has-text-color has-link-color wp-elements-7ed426c9eb7f9e8b16de1058a56cdfb0\" style=\"color:#0885a3\">Cenn\u00edk Slu\u017eieb<\/h2>\n\n\n\n<figure class=\"wp-block-table is-style-regular\"><table class=\"has-text-color has-link-color has-fixed-layout\" style=\"color:#3d8c96\"><thead><tr><th><strong>Slu\u017eba<\/strong><\/th><th><strong>Cena<\/strong><\/th><\/tr><\/thead><tbody><tr><td>1 normostrana \/ pod\u013ea tematiky a&nbsp;term\u00ednu<\/td><td>15,00 &#8211; 20,00 \u20ac<\/td><\/tr><tr><td>Pr\u00edplatok za grafiku \u2013 scan\/obr\u00e1zky\/foto\/r\u00fdchle spracovanie<\/td><td>+ 30 %<\/td><\/tr><tr><td>Pr\u00edplatok za \u0165a\u017eko \u010ditate\u013en\u00e9 podklady<\/td><td>+ 10 %<\/td><\/tr><tr><td><strong>\u017div\u00e9 \/ konsekut\u00edvne tlmo\u010denie \/ nemeck\u00fd &#8211; slovensk\u00fd jazyk, slovensk\u00fd &#8211; nemeck\u00fd jazyk<\/strong><\/td><td>30 \u20ac ka\u017ed\u00e1 za\u010dat\u00e1 hodina<\/td><\/tr><tr><td>Polovica d\u0148a Slovensko<\/td><td>100 \u20ac<\/td><\/tr><tr><td>Cel\u00fd de\u0148 Slovensko<\/td><td>130 \u20ac<\/td><\/tr><tr><td>Tlmo\u010denie v&nbsp;Rak\u00fasku \/ de\u0148<\/td><td>300 \u20ac (+ di\u00e9ty, cesta, ubytovanie)<\/td><\/tr><tr><td>Tlmo\u010denie v&nbsp;Nemecku \/ de\u0148<\/td><td>350 \u20ac (+ di\u00e9ty, cesta, ubytovanie)<\/td><\/tr><tr><td>Tlmo\u010denie po telef\u00f3ne &#8211;&nbsp; v&nbsp;z\u00e1vislosti od d\u013a\u017eky hovoru<\/td><td>25 &#8211; 30 \u20ac<\/td><\/tr><tr><td>Pr\u00edplatok za v\u00edkend a&nbsp;sviatok<\/td><td>+ 50 %<\/td><\/tr><tr><td>S\u00fadne tlmo\u010denie pre \u0161t\u00e1tne in\u0161tit\u00facie, s\u00fadne pojedn\u00e1vania, \u010di tlmo\u010denie svadobn\u00e9ho obradu.<\/td><td><\/td><\/tr><\/tbody><\/table><\/figure>\n\n\n\n<h6 class=\"wp-block-heading has-text-color has-link-color wp-elements-3c2d52e171e3fb075e4304e1d0886bbd\" style=\"color:#0885a3\">V\u0161etky ceny s\u00fa uveden\u00e9 bez DPH. <br>Som platcom DPH.<\/h6>\n\n\n\n<div class=\"wp-block-group alignfull has-background\" style=\"background-color:#a0d4e81a\"><div class=\"wp-block-group__inner-container is-layout-flow wp-block-group-is-layout-flow\">\n<div style=\"height:80px\" aria-hidden=\"true\" class=\"wp-block-spacer desktop-only\"><\/div>\n\n\n\n<div class=\"wp-block-columns alignwide is-layout-flex wp-container-core-columns-is-layout-1 wp-block-columns-is-layout-flex\">\n<div class=\"wp-block-column is-layout-flow wp-block-column-is-layout-flow\">\n<h5 class=\"wp-block-heading has-text-color has-link-color has-normal-font-size wp-elements-c7a675639eb91a5f6b469d60176b0a6a\" style=\"color:#0885a3\"><strong>AZbalance s.r.o.<\/strong><\/h5>\n\n\n\n<p class=\"has-text-color has-link-color has-small-font-size wp-elements-6fdc05e94cba74678977615df3767e95\" style=\"color:#384c50\">I\u010cO: 53 747 551<br>DI\u010c: 2121482264<br>I\u010c DPH: SK2121482264<\/p>\n\n\n\n<p class=\"has-text-align-left has-secondary-color has-text-color has-link-color wp-elements-790a882b41402543fb2345f1c1584f71\"><a href=\"https:\/\/www.azbalance.sk\/?page_id=35\">Referencie<\/a><\/p>\n<\/div>\n\n\n\n<div class=\"wp-block-column is-layout-flow wp-block-column-is-layout-flow\">\n<h6 class=\"wp-block-heading has-text-color has-link-color has-normal-font-size wp-elements-0445a65f57ecd9d8eb07c54aa2d5d020\" style=\"color:#0885a3\">\u00dadaje pre faktur\u00e1ciu<\/h6>\n\n\n\n<p class=\"has-text-color has-link-color has-small-font-size wp-elements-e624065e98375673f0be61a41e57e94b\" style=\"color:#384c50\">AZbalance s.r.o.<br>I\u010cO: 53 747 551<br>I\u010c DPH: SK2121482264<\/p>\n<\/div>\n\n\n\n<div class=\"wp-block-column is-layout-flow wp-block-column-is-layout-flow\">\n<h5 class=\"wp-block-heading has-text-color has-link-color has-normal-font-size wp-elements-bf3e42b3fa3129c1b2e827c283c3c3b7\" style=\"color:#0885a3\">Kontakt<\/h5>\n\n\n\n<p class=\"has-text-color has-link-color has-small-font-size wp-elements-031a36e61ada3a37bc38f8174d63c0ca\" style=\"color:#384c50\"><a href=\"mailto:zpprilepkova@gmail.com\">zpprilepkova@gmail.com<\/a><br><a href=\"mailto:info@azbalance.sk\">info@azbalance.sk<\/a><br><a href=\"call:+421915345551\">+421 915 345 551<\/a><br><a href=\"https:\/\/www.tiktok.com\/@finske.kade.a.sau?is_from_webapp=1&amp;sender_device=pc\">TikTok: finske.kade.a.sau<\/a><\/p>\n<\/div>\n\n\n\n<div class=\"wp-block-column is-vertically-aligned-center is-layout-flow wp-block-column-is-layout-flow\">\n<div class=\"wp-block-buttons alignwide is-content-justification-center is-layout-flex wp-container-core-buttons-is-layout-1 wp-block-buttons-is-layout-flex\">\n<div class=\"wp-block-button has-custom-width wp-block-button__width-100 has-custom-font-size has-normal-font-size\"><a class=\"wp-block-button__link has-background has-text-align-center wp-element-button\" href=\"https:\/\/www.azbalance.sk\/?page_id=36\" style=\"background-color:#0095b8;padding-right:var(--wp--preset--spacing--40);padding-left:var(--wp--preset--spacing--40)\">Za\u0161lite n\u00e1m dopyt<\/a><\/div>\n<\/div>\n<\/div>\n<\/div>\n\n\n\n<p class=\"has-text-align-left\"><\/p>\n\n\n\n<div style=\"height:80px\" aria-hidden=\"true\" class=\"wp-block-spacer desktop-only\"><\/div>\n<\/div><\/div>\n\n\n\n<p><\/p>\n","protected":false},"excerpt":{"rendered":"<p>Moje viac ako sedemn\u00e1s\u0165ro\u010dn\u00e9 pracovn\u00e9 a tlmo\u010dn\u00edcke sk\u00fasenosti v oblasti&nbsp;tlmo\u010denia a prekladov zo sloven\u010diny do nem\u010diny&nbsp;vyu\u017eijem vo v\u00e1\u0161 prospech.Tlmo\u010denie a preklady zo sloven\u010diny do nem\u010diny&nbsp;s\u00fa mojou \u0161pecializ\u00e1ciou, a preto zaru\u010dujem, \u017ee va\u0161a spr\u00e1va bude presne odovzdan\u00e1. Tlmo\u010denie Sprev\u00e1dzam V\u00e1s ako konsekut\u00edvna tlmo\u010dn\u00ed\u010dka pri n\u00e1v\u0161tev\u00e1ch deleg\u00e1ci\u00ed, pri stretnutiach, konferenci\u00e1ch, obchodn\u00fdch cest\u00e1ch, prezent\u00e1ci\u00e1ch alebo svadb\u00e1ch a umo\u017en\u00edm<a class=\"more-link\" href=\"https:\/\/www.azbalance.sk\/?page_id=8\">Continue reading <span class=\"screen-reader-text\">&#8222;Tlmo\u010denie \/ Preklady&#8220;<\/span><\/a><\/p>\n","protected":false},"author":1,"featured_media":121,"parent":0,"menu_order":0,"comment_status":"closed","ping_status":"open","template":"","meta":{"footnotes":""},"class_list":["post-8","page","type-page","status-publish","has-post-thumbnail","hentry","entry"],"yoast_head":"<!-- This site is optimized with the Yoast SEO plugin v23.8 - https:\/\/yoast.com\/wordpress\/plugins\/seo\/ -->\n<title>Tlmo\u010denie \/ Preklady - AZ Balance<\/title>\n<meta name=\"description\" content=\"Zabezpe\u010dujem profesion\u00e1lne tlmo\u010denie a preklady zo sloven\u010diny do nem\u010diny na konferenci\u00e1ch, obchodn\u00fdch jednaniach a in\u00fdch podujatiach.\" \/>\n<meta name=\"robots\" content=\"index, follow, max-snippet:-1, max-image-preview:large, max-video-preview:-1\" \/>\n<link rel=\"canonical\" href=\"https:\/\/www.azbalance.sk\/?page_id=8\" \/>\n<meta property=\"og:locale\" content=\"sk_SK\" \/>\n<meta property=\"og:type\" content=\"article\" \/>\n<meta property=\"og:title\" content=\"Tlmo\u010denie \/ Preklady - AZ Balance\" \/>\n<meta property=\"og:description\" content=\"Zabezpe\u010dujem profesion\u00e1lne tlmo\u010denie a preklady zo sloven\u010diny do nem\u010diny na konferenci\u00e1ch, obchodn\u00fdch jednaniach a in\u00fdch podujatiach.\" \/>\n<meta property=\"og:url\" content=\"https:\/\/www.azbalance.sk\/?page_id=8\" \/>\n<meta property=\"og:site_name\" content=\"AZ Balance\" \/>\n<meta property=\"article:modified_time\" content=\"2024-11-08T17:20:14+00:00\" \/>\n<meta property=\"og:image\" content=\"https:\/\/www.azbalance.sk\/wp-content\/uploads\/2024\/11\/15.png\" \/>\n\t<meta property=\"og:image:width\" content=\"1715\" \/>\n\t<meta property=\"og:image:height\" content=\"1024\" \/>\n\t<meta property=\"og:image:type\" content=\"image\/png\" \/>\n<meta name=\"twitter:card\" content=\"summary_large_image\" \/>\n<meta name=\"twitter:label1\" content=\"Predpokladan\u00fd \u010das \u010d\u00edtania\" \/>\n\t<meta name=\"twitter:data1\" content=\"2 min\u00faty\" \/>\n<script type=\"application\/ld+json\" class=\"yoast-schema-graph\">{\"@context\":\"https:\/\/schema.org\",\"@graph\":[{\"@type\":\"WebPage\",\"@id\":\"https:\/\/www.azbalance.sk\/?page_id=8\",\"url\":\"https:\/\/www.azbalance.sk\/?page_id=8\",\"name\":\"Tlmo\u010denie \/ Preklady - AZ Balance\",\"isPartOf\":{\"@id\":\"https:\/\/www.azbalance.sk\/#website\"},\"primaryImageOfPage\":{\"@id\":\"https:\/\/www.azbalance.sk\/?page_id=8#primaryimage\"},\"image\":{\"@id\":\"https:\/\/www.azbalance.sk\/?page_id=8#primaryimage\"},\"thumbnailUrl\":\"https:\/\/www.azbalance.sk\/wp-content\/uploads\/2024\/11\/15.png\",\"datePublished\":\"2024-10-10T08:40:44+00:00\",\"dateModified\":\"2024-11-08T17:20:14+00:00\",\"description\":\"Zabezpe\u010dujem profesion\u00e1lne tlmo\u010denie a preklady zo sloven\u010diny do nem\u010diny na konferenci\u00e1ch, obchodn\u00fdch jednaniach a in\u00fdch podujatiach.\",\"breadcrumb\":{\"@id\":\"https:\/\/www.azbalance.sk\/?page_id=8#breadcrumb\"},\"inLanguage\":\"sk-SK\",\"potentialAction\":[{\"@type\":\"ReadAction\",\"target\":[\"https:\/\/www.azbalance.sk\/?page_id=8\"]}]},{\"@type\":\"ImageObject\",\"inLanguage\":\"sk-SK\",\"@id\":\"https:\/\/www.azbalance.sk\/?page_id=8#primaryimage\",\"url\":\"https:\/\/www.azbalance.sk\/wp-content\/uploads\/2024\/11\/15.png\",\"contentUrl\":\"https:\/\/www.azbalance.sk\/wp-content\/uploads\/2024\/11\/15.png\",\"width\":1715,\"height\":1024,\"caption\":\"tlmo\u010denie preklady nem\u010dina sloven\u010dina\"},{\"@type\":\"BreadcrumbList\",\"@id\":\"https:\/\/www.azbalance.sk\/?page_id=8#breadcrumb\",\"itemListElement\":[{\"@type\":\"ListItem\",\"position\":1,\"name\":\"Home\",\"item\":\"https:\/\/www.azbalance.sk\/\"},{\"@type\":\"ListItem\",\"position\":2,\"name\":\"Tlmo\u010denie \/ Preklady\"}]},{\"@type\":\"WebSite\",\"@id\":\"https:\/\/www.azbalance.sk\/#website\",\"url\":\"https:\/\/www.azbalance.sk\/\",\"name\":\"AZ Balance\",\"description\":\"Tlmo\u010denie a prekladanie\",\"publisher\":{\"@id\":\"https:\/\/www.azbalance.sk\/#organization\"},\"potentialAction\":[{\"@type\":\"SearchAction\",\"target\":{\"@type\":\"EntryPoint\",\"urlTemplate\":\"https:\/\/www.azbalance.sk\/?s={search_term_string}\"},\"query-input\":{\"@type\":\"PropertyValueSpecification\",\"valueRequired\":true,\"valueName\":\"search_term_string\"}}],\"inLanguage\":\"sk-SK\"},{\"@type\":\"Organization\",\"@id\":\"https:\/\/www.azbalance.sk\/#organization\",\"name\":\"AZ Balance\",\"url\":\"https:\/\/www.azbalance.sk\/\",\"logo\":{\"@type\":\"ImageObject\",\"inLanguage\":\"sk-SK\",\"@id\":\"https:\/\/www.azbalance.sk\/#\/schema\/logo\/image\/\",\"url\":\"https:\/\/www.azbalance.sk\/wp-content\/uploads\/2024\/11\/logo-1.png\",\"contentUrl\":\"https:\/\/www.azbalance.sk\/wp-content\/uploads\/2024\/11\/logo-1.png\",\"width\":327,\"height\":73,\"caption\":\"AZ Balance\"},\"image\":{\"@id\":\"https:\/\/www.azbalance.sk\/#\/schema\/logo\/image\/\"}}]}<\/script>\n<!-- \/ Yoast SEO plugin. -->","yoast_head_json":{"title":"Tlmo\u010denie \/ Preklady - AZ Balance","description":"Zabezpe\u010dujem profesion\u00e1lne tlmo\u010denie a preklady zo sloven\u010diny do nem\u010diny na konferenci\u00e1ch, obchodn\u00fdch jednaniach a in\u00fdch podujatiach.","robots":{"index":"index","follow":"follow","max-snippet":"max-snippet:-1","max-image-preview":"max-image-preview:large","max-video-preview":"max-video-preview:-1"},"canonical":"https:\/\/www.azbalance.sk\/?page_id=8","og_locale":"sk_SK","og_type":"article","og_title":"Tlmo\u010denie \/ Preklady - AZ Balance","og_description":"Zabezpe\u010dujem profesion\u00e1lne tlmo\u010denie a preklady zo sloven\u010diny do nem\u010diny na konferenci\u00e1ch, obchodn\u00fdch jednaniach a in\u00fdch podujatiach.","og_url":"https:\/\/www.azbalance.sk\/?page_id=8","og_site_name":"AZ Balance","article_modified_time":"2024-11-08T17:20:14+00:00","og_image":[{"width":1715,"height":1024,"url":"https:\/\/www.azbalance.sk\/wp-content\/uploads\/2024\/11\/15.png","type":"image\/png"}],"twitter_card":"summary_large_image","twitter_misc":{"Predpokladan\u00fd \u010das \u010d\u00edtania":"2 min\u00faty"},"schema":{"@context":"https:\/\/schema.org","@graph":[{"@type":"WebPage","@id":"https:\/\/www.azbalance.sk\/?page_id=8","url":"https:\/\/www.azbalance.sk\/?page_id=8","name":"Tlmo\u010denie \/ Preklady - AZ Balance","isPartOf":{"@id":"https:\/\/www.azbalance.sk\/#website"},"primaryImageOfPage":{"@id":"https:\/\/www.azbalance.sk\/?page_id=8#primaryimage"},"image":{"@id":"https:\/\/www.azbalance.sk\/?page_id=8#primaryimage"},"thumbnailUrl":"https:\/\/www.azbalance.sk\/wp-content\/uploads\/2024\/11\/15.png","datePublished":"2024-10-10T08:40:44+00:00","dateModified":"2024-11-08T17:20:14+00:00","description":"Zabezpe\u010dujem profesion\u00e1lne tlmo\u010denie a preklady zo sloven\u010diny do nem\u010diny na konferenci\u00e1ch, obchodn\u00fdch jednaniach a in\u00fdch podujatiach.","breadcrumb":{"@id":"https:\/\/www.azbalance.sk\/?page_id=8#breadcrumb"},"inLanguage":"sk-SK","potentialAction":[{"@type":"ReadAction","target":["https:\/\/www.azbalance.sk\/?page_id=8"]}]},{"@type":"ImageObject","inLanguage":"sk-SK","@id":"https:\/\/www.azbalance.sk\/?page_id=8#primaryimage","url":"https:\/\/www.azbalance.sk\/wp-content\/uploads\/2024\/11\/15.png","contentUrl":"https:\/\/www.azbalance.sk\/wp-content\/uploads\/2024\/11\/15.png","width":1715,"height":1024,"caption":"tlmo\u010denie preklady nem\u010dina sloven\u010dina"},{"@type":"BreadcrumbList","@id":"https:\/\/www.azbalance.sk\/?page_id=8#breadcrumb","itemListElement":[{"@type":"ListItem","position":1,"name":"Home","item":"https:\/\/www.azbalance.sk\/"},{"@type":"ListItem","position":2,"name":"Tlmo\u010denie \/ Preklady"}]},{"@type":"WebSite","@id":"https:\/\/www.azbalance.sk\/#website","url":"https:\/\/www.azbalance.sk\/","name":"AZ Balance","description":"Tlmo\u010denie a prekladanie","publisher":{"@id":"https:\/\/www.azbalance.sk\/#organization"},"potentialAction":[{"@type":"SearchAction","target":{"@type":"EntryPoint","urlTemplate":"https:\/\/www.azbalance.sk\/?s={search_term_string}"},"query-input":{"@type":"PropertyValueSpecification","valueRequired":true,"valueName":"search_term_string"}}],"inLanguage":"sk-SK"},{"@type":"Organization","@id":"https:\/\/www.azbalance.sk\/#organization","name":"AZ Balance","url":"https:\/\/www.azbalance.sk\/","logo":{"@type":"ImageObject","inLanguage":"sk-SK","@id":"https:\/\/www.azbalance.sk\/#\/schema\/logo\/image\/","url":"https:\/\/www.azbalance.sk\/wp-content\/uploads\/2024\/11\/logo-1.png","contentUrl":"https:\/\/www.azbalance.sk\/wp-content\/uploads\/2024\/11\/logo-1.png","width":327,"height":73,"caption":"AZ Balance"},"image":{"@id":"https:\/\/www.azbalance.sk\/#\/schema\/logo\/image\/"}}]}},"_links":{"self":[{"href":"https:\/\/www.azbalance.sk\/index.php?rest_route=\/wp\/v2\/pages\/8"}],"collection":[{"href":"https:\/\/www.azbalance.sk\/index.php?rest_route=\/wp\/v2\/pages"}],"about":[{"href":"https:\/\/www.azbalance.sk\/index.php?rest_route=\/wp\/v2\/types\/page"}],"author":[{"embeddable":true,"href":"https:\/\/www.azbalance.sk\/index.php?rest_route=\/wp\/v2\/users\/1"}],"replies":[{"embeddable":true,"href":"https:\/\/www.azbalance.sk\/index.php?rest_route=%2Fwp%2Fv2%2Fcomments&post=8"}],"version-history":[{"count":4,"href":"https:\/\/www.azbalance.sk\/index.php?rest_route=\/wp\/v2\/pages\/8\/revisions"}],"predecessor-version":[{"id":320,"href":"https:\/\/www.azbalance.sk\/index.php?rest_route=\/wp\/v2\/pages\/8\/revisions\/320"}],"wp:featuredmedia":[{"embeddable":true,"href":"https:\/\/www.azbalance.sk\/index.php?rest_route=\/wp\/v2\/media\/121"}],"wp:attachment":[{"href":"https:\/\/www.azbalance.sk\/index.php?rest_route=%2Fwp%2Fv2%2Fmedia&parent=8"}],"curies":[{"name":"wp","href":"https:\/\/api.w.org\/{rel}","templated":true}]}}