{"id":37,"date":"2024-11-04T11:35:05","date_gmt":"2024-11-04T10:35:05","guid":{"rendered":"https:\/\/matthewdesign2.wordpress.com\/?page_id=37"},"modified":"2024-11-08T18:17:06","modified_gmt":"2024-11-08T17:17:06","slug":"home","status":"publish","type":"page","link":"https:\/\/www.azbalance.sk\/","title":{"rendered":"Vitajte na webe AZ Balance!"},"content":{"rendered":"\n<div class=\"wp-block-cover alignfull is-light\"><span aria-hidden=\"true\" class=\"wp-block-cover__background has-background-dim-40 has-background-dim\" style=\"background-color:#e1eaf0\"><\/span><img loading=\"lazy\" decoding=\"async\" width=\"1715\" height=\"1024\" class=\"wp-block-cover__image-background wp-image-45\" alt=\"TLMO\u010cENIE A PREKLADY\" src=\"https:\/\/www.azbalance.sk\/wp-content\/uploads\/2024\/11\/k.jpg\" style=\"object-position:80% 49%\" data-object-fit=\"cover\" data-object-position=\"80% 49%\" srcset=\"https:\/\/www.azbalance.sk\/wp-content\/uploads\/2024\/11\/k.jpg 1715w, https:\/\/www.azbalance.sk\/wp-content\/uploads\/2024\/11\/k-300x179.jpg 300w, https:\/\/www.azbalance.sk\/wp-content\/uploads\/2024\/11\/k-1024x611.jpg 1024w, https:\/\/www.azbalance.sk\/wp-content\/uploads\/2024\/11\/k-768x459.jpg 768w, https:\/\/www.azbalance.sk\/wp-content\/uploads\/2024\/11\/k-1536x917.jpg 1536w\" sizes=\"(max-width: 1715px) 100vw, 1715px\" \/><div class=\"wp-block-cover__inner-container is-layout-flow wp-block-cover-is-layout-flow\">\n<h1 class=\"wp-block-heading has-text-color has-link-color wp-elements-7cdc25475de04ddae212a60f69db8b74\" style=\"color:#384c50\">TLMO\u010cENIE A PREKLADY<\/h1>\n\n\n\n<p class=\"has-text-align-justify has-text-color has-link-color wp-elements-02825b538e65dc40d2933816ea3ea29f\" style=\"color:#384c50\">Tlmo\u010denie a preklady zo sloven\u010diny do nem\u010diny s\u00fa mojou odbornou \u0161pecializ\u00e1ciou, ktor\u00fa som si osvojila na \u0160t\u00e1tnej jazykovej \u0161kole. Nau\u010di\u0165 sa jazyk je len prv\u00fdm krokom, rovnako d\u00f4le\u017eit\u00e9 je aj neust\u00e1le rozv\u00edjanie svojich jazykov\u00fdch schopnost\u00ed. To dosahujem pravideln\u00fdmi cestami do nemecky hovoriacich kraj\u00edn, kde sa oboznamujem s miestnou kult\u00farou a jej dynamikou.<\/p>\n<\/div><\/div>\n\n\n\n<div style=\"height:78px\" aria-hidden=\"true\" class=\"wp-block-spacer\"><\/div>\n\n\n\n<div class=\"wp-block-cover\"><span aria-hidden=\"true\" class=\"wp-block-cover__background has-background-dim\"><\/span><img decoding=\"async\" class=\"wp-block-cover__image-background wp-image-54\" alt=\"SPRIEVODCOVSK\u00c9 SLU\u017dBY\" src=\"https:\/\/www.azbalance.sk\/wp-content\/uploads\/2024\/11\/obr12.jpg?w=1024\" style=\"object-position:30% 49%\" data-object-fit=\"cover\" data-object-position=\"30% 49%\"\/><div class=\"wp-block-cover__inner-container is-layout-flow wp-block-cover-is-layout-flow\">\n<p class=\"has-text-align-center has-large-font-size\"><strong>SPRIEVODCOVSK\u00c9 SLU\u017dBY<\/strong><\/p>\n\n\n\n<p><\/p>\n\n\n\n<p class=\"has-text-align-justify\">Osobn\u00fd tlmo\u010dn\u00edk a certifikovan\u00fd sprievodca v cestovnom ruchu v jednej osobe sprev\u00e1dza Va\u0161u zahrani\u010dn\u00fa n\u00e1v\u0161tevu pri prehliadke mesta, pr\u00edrodn\u00fdch kr\u00e1s, historick\u00fdch pamiatok, pr\u00edpadne po\u010das celej n\u00e1v\u0161tevy na Slovensku.<\/p>\n<\/div><\/div>\n\n\n\n<div style=\"height:78px\" aria-hidden=\"true\" class=\"wp-block-spacer\"><\/div>\n\n\n\n<div class=\"wp-block-cover\"><span aria-hidden=\"true\" class=\"wp-block-cover__background has-background-dim\"><\/span><img decoding=\"async\" class=\"wp-block-cover__image-background wp-image-56\" alt=\"KOMER\u010cN\u00c9 TLMO\u010cENIE A OBCHODN\u00c9 ZAST\u00daPENIE\" src=\"https:\/\/www.azbalance.sk\/wp-content\/uploads\/2024\/11\/obr22.jpg?w=1024\" style=\"object-position:73% 49%\" data-object-fit=\"cover\" data-object-position=\"73% 49%\"\/><div class=\"wp-block-cover__inner-container is-layout-flow wp-block-cover-is-layout-flow\">\n<p class=\"has-text-align-center has-large-font-size\"><strong>KOMER\u010cN\u00c9 TLMO\u010cENIE A OBCHODN\u00c9 ZAST\u00daPENIE<\/strong><\/p>\n\n\n\n<p><\/p>\n\n\n\n<p class=\"has-text-align-justify\">Tlmo\u010denie a obchodn\u00e9 zast\u00fapenie na konferenci\u00e1ch, workshopoch, \u0161koleniach, pri produktov\u00fdch prezent\u00e1ci\u00e1ch, obchodn\u00fdch n\u00e1v\u0161tev\u00e1ch a jednaniach, diskusi\u00e1ch, \u00fa\u010dasti na v\u00fdstav\u00e1ch \u010di slu\u017eobn\u00fdch cest\u00e1ch.<\/p>\n<\/div><\/div>\n\n\n\n<div style=\"height:78px\" aria-hidden=\"true\" class=\"wp-block-spacer\"><\/div>\n\n\n\n<div class=\"wp-block-columns alignwide is-layout-flex wp-container-core-columns-is-layout-1 wp-block-columns-is-layout-flex\">\n<div class=\"wp-block-column is-layout-flow wp-block-column-is-layout-flow\">\n<h5 class=\"wp-block-heading has-text-align-center has-text-color has-link-color wp-elements-63cbd6644297932d0956d4f911d8acc9\" style=\"color:#0095b8\"><strong>DISKR\u00c9TNOS\u0164<\/strong><\/h5>\n\n\n\n<p class=\"has-text-align-justify has-text-color has-link-color has-small-font-size wp-elements-422ec82164dab65c040f335d95802b1b\" style=\"color:#4f727a\">Na\u0161a spolupr\u00e1ca je postaven\u00e1 na d\u00f4vere. Ako v\u00e1\u0161 spo\u013eahliv\u00fd partner, va\u0161e inform\u00e1cie s\u00fa u m\u0148a v najlep\u0161\u00edch ruk\u00e1ch. Zaru\u010dujem v\u00e1m d\u00f4vern\u00e9 zaobch\u00e1dzanie so v\u0161etk\u00fdmi va\u0161imi dokumentmi, z\u00e1znamami zo stretnut\u00ed a doh\u00f4d.<\/p>\n<\/div>\n\n\n\n<div class=\"wp-block-column is-layout-flow wp-block-column-is-layout-flow\">\n<h5 class=\"wp-block-heading has-text-align-center has-text-color has-link-color wp-elements-31ff38de22df9e6c5e4f224cc7d0fb9e\" style=\"color:#0095b8\"><strong>PROFESIONALITA<\/strong><\/h5>\n\n\n\n<p class=\"has-text-align-justify has-text-color has-link-color has-small-font-size wp-elements-2574acbdd00680e4bab938f00b52d567\" style=\"color:#4f727a\">Viac ako sedemn\u00e1s\u0165 ro\u010dn\u00e9 tlmo\u010dn\u00edcke sk\u00fasenosti.<\/p>\n<\/div>\n\n\n\n<div class=\"wp-block-column is-layout-flow wp-block-column-is-layout-flow\">\n<h5 class=\"wp-block-heading has-text-align-center has-text-color has-link-color wp-elements-585b60e12d41b75be3d530b157bd7604\" style=\"color:#0095b8\"><strong>PRIAMY KONTAKT<\/strong><\/h5>\n\n\n\n<p class=\"has-text-align-justify has-text-color has-link-color has-small-font-size wp-elements-cf7ef8bd697aebb713ed7d5d8d5293d3\" style=\"color:#4f727a\">Komunikujete priamo so mnou, pri Va\u0161ich podujatiach a akci\u00e1ch som na mieste, tlmo\u010d\u00edm a som Va\u0161a kontaktn\u00e1 osoba.<\/p>\n<\/div>\n<\/div>\n\n\n\n<div style=\"height:32px\" aria-hidden=\"true\" class=\"wp-block-spacer desktop-only\"><\/div>\n\n\n\n<hr class=\"wp-block-separator has-css-opacity\"\/>\n\n\n\n<div style=\"height:32px\" aria-hidden=\"true\" class=\"wp-block-spacer desktop-only\"><\/div>\n\n\n\n<div class=\"wp-block-columns alignwide is-layout-flex wp-container-core-columns-is-layout-2 wp-block-columns-is-layout-flex\">\n<div class=\"wp-block-column is-layout-flow wp-block-column-is-layout-flow\">\n<h5 class=\"wp-block-heading has-text-align-center has-text-color has-link-color wp-elements-c504dff29ac3c7efe7d4c8993a910916\" style=\"color:#0095b8\"><strong>NAD\u0160ENIE<\/strong><\/h5>\n\n\n\n<p class=\"has-text-align-justify has-text-color has-link-color has-small-font-size wp-elements-f959d8983ac01248adb39d3c2474ca94\" style=\"color:#4f727a\">Moja pr\u00e1ca je ako adrenal\u00ednov\u00e1 dr\u00e1ha pln\u00e1 nov\u00fdch z\u00e1\u017eitkov. Ka\u017ed\u00fd de\u0148 prin\u00e1\u0161a nie\u010do in\u00e9 a to ma neust\u00e1le pos\u00fava vpred.<\/p>\n<\/div>\n\n\n\n<div class=\"wp-block-column is-layout-flow wp-block-column-is-layout-flow\">\n<h5 class=\"wp-block-heading has-text-align-center has-text-color has-link-color wp-elements-6dcb47f075b101af7bc94b5c26b037ab\" style=\"color:#0095b8\"><strong>TRANSPARENTNOS\u0164<\/strong><\/h5>\n\n\n\n<p class=\"has-text-align-justify has-text-color has-link-color has-small-font-size wp-elements-086015d769077a35f025a78a05afe484\" style=\"color:#4f727a\">Va\u0161e potreby s\u00fa pre m\u0148a prioritou. Preto s Vami komunikujem priamo a viete, ak\u00e9 individu\u00e1lne rie\u0161enie pre V\u00e1s pripravujem.<\/p>\n<\/div>\n\n\n\n<div class=\"wp-block-column is-layout-flow wp-block-column-is-layout-flow\">\n<h5 class=\"wp-block-heading has-text-align-center has-text-color has-link-color wp-elements-63c9b9eb12343e352424f00ce6d48a47\" style=\"color:#0095b8\"><strong>POZIT\u00cdVNY PR\u00cdSTUP<\/strong><\/h5>\n\n\n\n<p class=\"has-text-align-justify has-text-color has-link-color has-small-font-size wp-elements-74dae19e4d855f8bab08e423bb1b22ff\" style=\"color:#4f727a\">K pr\u00e1ci pristupujem v\u017edy s \u00fasmevom a pozit\u00edvnou energiou.<\/p>\n<\/div>\n<\/div>\n\n\n\n<div style=\"height:64px\" aria-hidden=\"true\" class=\"wp-block-spacer desktop-only\"><\/div>\n\n\n\n<div class=\"wp-block-group alignfull has-background\" style=\"background-color:#a0d4e81a\"><div class=\"wp-block-group__inner-container is-layout-flow wp-block-group-is-layout-flow\">\n<div style=\"height:80px\" aria-hidden=\"true\" class=\"wp-block-spacer desktop-only\"><\/div>\n\n\n\n<div class=\"wp-block-columns alignwide is-layout-flex wp-container-core-columns-is-layout-3 wp-block-columns-is-layout-flex\">\n<div class=\"wp-block-column is-layout-flow wp-block-column-is-layout-flow\">\n<h5 class=\"wp-block-heading has-text-color has-link-color has-normal-font-size wp-elements-c7a675639eb91a5f6b469d60176b0a6a\" style=\"color:#0885a3\"><strong>AZbalance s.r.o.<\/strong><\/h5>\n\n\n\n<p class=\"has-text-color has-link-color has-small-font-size wp-elements-6fdc05e94cba74678977615df3767e95\" style=\"color:#384c50\">I\u010cO: 53 747 551<br>DI\u010c: 2121482264<br>I\u010c DPH: SK2121482264<\/p>\n\n\n\n<p class=\"has-text-align-left has-secondary-color has-text-color has-link-color wp-elements-790a882b41402543fb2345f1c1584f71\"><a href=\"https:\/\/www.azbalance.sk\/?page_id=35\">Referencie<\/a><\/p>\n<\/div>\n\n\n\n<div class=\"wp-block-column is-layout-flow wp-block-column-is-layout-flow\">\n<h6 class=\"wp-block-heading has-text-color has-link-color has-normal-font-size wp-elements-0445a65f57ecd9d8eb07c54aa2d5d020\" style=\"color:#0885a3\">\u00dadaje pre faktur\u00e1ciu<\/h6>\n\n\n\n<p class=\"has-text-color has-link-color has-small-font-size wp-elements-e624065e98375673f0be61a41e57e94b\" style=\"color:#384c50\">AZbalance s.r.o.<br>I\u010cO: 53 747 551<br>I\u010c DPH: SK2121482264<\/p>\n<\/div>\n\n\n\n<div class=\"wp-block-column is-layout-flow wp-block-column-is-layout-flow\">\n<h5 class=\"wp-block-heading has-text-color has-link-color has-normal-font-size wp-elements-bf3e42b3fa3129c1b2e827c283c3c3b7\" style=\"color:#0885a3\">Kontakt<\/h5>\n\n\n\n<p class=\"has-text-color has-link-color has-small-font-size wp-elements-031a36e61ada3a37bc38f8174d63c0ca\" style=\"color:#384c50\"><a href=\"mailto:zpprilepkova@gmail.com\">zpprilepkova@gmail.com<\/a><br><a href=\"mailto:info@azbalance.sk\">info@azbalance.sk<\/a><br><a href=\"call:+421915345551\">+421 915 345 551<\/a><br><a href=\"https:\/\/www.tiktok.com\/@finske.kade.a.sau?is_from_webapp=1&amp;sender_device=pc\">TikTok: finske.kade.a.sau<\/a><\/p>\n<\/div>\n\n\n\n<div class=\"wp-block-column is-vertically-aligned-center is-layout-flow wp-block-column-is-layout-flow\">\n<div class=\"wp-block-buttons alignwide is-content-justification-center is-layout-flex wp-container-core-buttons-is-layout-1 wp-block-buttons-is-layout-flex\">\n<div class=\"wp-block-button has-custom-width wp-block-button__width-100 has-custom-font-size has-normal-font-size\"><a class=\"wp-block-button__link has-background has-text-align-center wp-element-button\" href=\"https:\/\/www.azbalance.sk\/?page_id=36\" style=\"background-color:#0095b8;padding-right:var(--wp--preset--spacing--40);padding-left:var(--wp--preset--spacing--40)\">Za\u0161lite n\u00e1m dopyt<\/a><\/div>\n<\/div>\n<\/div>\n<\/div>\n\n\n\n<p class=\"has-text-align-left\"><\/p>\n\n\n\n<div style=\"height:80px\" aria-hidden=\"true\" class=\"wp-block-spacer desktop-only\"><\/div>\n<\/div><\/div>\n\n\n\n<p><\/p>\n","protected":false},"excerpt":{"rendered":"<p>DISKR\u00c9TNOS\u0164 Na\u0161a spolupr\u00e1ca je postaven\u00e1 na d\u00f4vere. Ako v\u00e1\u0161 spo\u013eahliv\u00fd partner, va\u0161e inform\u00e1cie s\u00fa u m\u0148a v najlep\u0161\u00edch ruk\u00e1ch. Zaru\u010dujem v\u00e1m d\u00f4vern\u00e9 zaobch\u00e1dzanie so v\u0161etk\u00fdmi va\u0161imi dokumentmi, z\u00e1znamami zo stretnut\u00ed a doh\u00f4d. PROFESIONALITA Viac ako sedemn\u00e1s\u0165 ro\u010dn\u00e9 tlmo\u010dn\u00edcke sk\u00fasenosti. PRIAMY KONTAKT Komunikujete priamo so mnou, pri Va\u0161ich podujatiach a akci\u00e1ch som na mieste, tlmo\u010d\u00edm a<a class=\"more-link\" href=\"https:\/\/www.azbalance.sk\/\">Continue reading <span class=\"screen-reader-text\">&#8222;Vitajte na webe AZ Balance!&#8220;<\/span><\/a><\/p>\n","protected":false},"author":1,"featured_media":121,"parent":0,"menu_order":0,"comment_status":"closed","ping_status":"closed","template":"","meta":{"footnotes":""},"class_list":["post-37","page","type-page","status-publish","has-post-thumbnail","hentry","entry"],"yoast_head":"<!-- This site is optimized with the Yoast SEO plugin v23.8 - https:\/\/yoast.com\/wordpress\/plugins\/seo\/ -->\n<title>- AZ Balance Tlmo\u010denie a preklady: Nem\u010dina a sloven\u010dina pre profesion\u00e1lov<\/title>\n<meta name=\"description\" content=\"Profesion\u00e1lne tlmo\u010denie a preklady. V oblasti tlmo\u010denia a prekladov do nem\u010diny a sloven\u010diny sa neust\u00e1le vzdel\u00e1vam a zlep\u0161ujem svoje zru\u010dnosti.\" \/>\n<meta name=\"robots\" content=\"index, follow, max-snippet:-1, max-image-preview:large, max-video-preview:-1\" \/>\n<link rel=\"canonical\" href=\"https:\/\/www.azbalance.sk\/\" \/>\n<meta property=\"og:locale\" content=\"sk_SK\" \/>\n<meta property=\"og:type\" content=\"article\" \/>\n<meta property=\"og:title\" content=\"- AZ Balance Tlmo\u010denie a preklady: Nem\u010dina a sloven\u010dina pre profesion\u00e1lov\" \/>\n<meta property=\"og:description\" content=\"Profesion\u00e1lne tlmo\u010denie a preklady. V oblasti tlmo\u010denia a prekladov do nem\u010diny a sloven\u010diny sa neust\u00e1le vzdel\u00e1vam a zlep\u0161ujem svoje zru\u010dnosti.\" \/>\n<meta property=\"og:url\" content=\"https:\/\/www.azbalance.sk\/\" \/>\n<meta property=\"og:site_name\" content=\"AZ Balance\" \/>\n<meta property=\"article:modified_time\" content=\"2024-11-08T17:17:06+00:00\" \/>\n<meta property=\"og:image\" content=\"https:\/\/www.azbalance.sk\/wp-content\/uploads\/2024\/11\/15.png\" \/>\n\t<meta property=\"og:image:width\" content=\"1715\" \/>\n\t<meta property=\"og:image:height\" content=\"1024\" \/>\n\t<meta property=\"og:image:type\" content=\"image\/png\" \/>\n<meta name=\"twitter:card\" content=\"summary_large_image\" \/>\n<meta name=\"twitter:label1\" content=\"Predpokladan\u00fd \u010das \u010d\u00edtania\" \/>\n\t<meta name=\"twitter:data1\" content=\"3 min\u00faty\" \/>\n<script type=\"application\/ld+json\" class=\"yoast-schema-graph\">{\"@context\":\"https:\/\/schema.org\",\"@graph\":[{\"@type\":\"WebPage\",\"@id\":\"https:\/\/www.azbalance.sk\/\",\"url\":\"https:\/\/www.azbalance.sk\/\",\"name\":\"- AZ Balance Tlmo\u010denie a preklady: Nem\u010dina a sloven\u010dina pre profesion\u00e1lov\",\"isPartOf\":{\"@id\":\"https:\/\/www.azbalance.sk\/#website\"},\"primaryImageOfPage\":{\"@id\":\"https:\/\/www.azbalance.sk\/#primaryimage\"},\"image\":{\"@id\":\"https:\/\/www.azbalance.sk\/#primaryimage\"},\"thumbnailUrl\":\"https:\/\/www.azbalance.sk\/wp-content\/uploads\/2024\/11\/15.png\",\"datePublished\":\"2024-11-04T10:35:05+00:00\",\"dateModified\":\"2024-11-08T17:17:06+00:00\",\"description\":\"Profesion\u00e1lne tlmo\u010denie a preklady. V oblasti tlmo\u010denia a prekladov do nem\u010diny a sloven\u010diny sa neust\u00e1le vzdel\u00e1vam a zlep\u0161ujem svoje zru\u010dnosti.\",\"breadcrumb\":{\"@id\":\"https:\/\/www.azbalance.sk\/#breadcrumb\"},\"inLanguage\":\"sk-SK\",\"potentialAction\":[{\"@type\":\"ReadAction\",\"target\":[\"https:\/\/www.azbalance.sk\/\"]}]},{\"@type\":\"ImageObject\",\"inLanguage\":\"sk-SK\",\"@id\":\"https:\/\/www.azbalance.sk\/#primaryimage\",\"url\":\"https:\/\/www.azbalance.sk\/wp-content\/uploads\/2024\/11\/15.png\",\"contentUrl\":\"https:\/\/www.azbalance.sk\/wp-content\/uploads\/2024\/11\/15.png\",\"width\":1715,\"height\":1024,\"caption\":\"tlmo\u010denie preklady nem\u010dina sloven\u010dina\"},{\"@type\":\"BreadcrumbList\",\"@id\":\"https:\/\/www.azbalance.sk\/#breadcrumb\",\"itemListElement\":[{\"@type\":\"ListItem\",\"position\":1,\"name\":\"Home\",\"item\":\"https:\/\/www.azbalance.sk\/\"},{\"@type\":\"ListItem\",\"position\":2,\"name\":\"Vitajte na webe AZ Balance!\"}]},{\"@type\":\"WebSite\",\"@id\":\"https:\/\/www.azbalance.sk\/#website\",\"url\":\"https:\/\/www.azbalance.sk\/\",\"name\":\"AZ Balance\",\"description\":\"Tlmo\u010denie a prekladanie\",\"publisher\":{\"@id\":\"https:\/\/www.azbalance.sk\/#organization\"},\"potentialAction\":[{\"@type\":\"SearchAction\",\"target\":{\"@type\":\"EntryPoint\",\"urlTemplate\":\"https:\/\/www.azbalance.sk\/?s={search_term_string}\"},\"query-input\":{\"@type\":\"PropertyValueSpecification\",\"valueRequired\":true,\"valueName\":\"search_term_string\"}}],\"inLanguage\":\"sk-SK\"},{\"@type\":\"Organization\",\"@id\":\"https:\/\/www.azbalance.sk\/#organization\",\"name\":\"AZ Balance\",\"url\":\"https:\/\/www.azbalance.sk\/\",\"logo\":{\"@type\":\"ImageObject\",\"inLanguage\":\"sk-SK\",\"@id\":\"https:\/\/www.azbalance.sk\/#\/schema\/logo\/image\/\",\"url\":\"https:\/\/www.azbalance.sk\/wp-content\/uploads\/2024\/11\/logo-1.png\",\"contentUrl\":\"https:\/\/www.azbalance.sk\/wp-content\/uploads\/2024\/11\/logo-1.png\",\"width\":327,\"height\":73,\"caption\":\"AZ Balance\"},\"image\":{\"@id\":\"https:\/\/www.azbalance.sk\/#\/schema\/logo\/image\/\"}}]}<\/script>\n<!-- \/ Yoast SEO plugin. -->","yoast_head_json":{"title":"- AZ Balance Tlmo\u010denie a preklady: Nem\u010dina a sloven\u010dina pre profesion\u00e1lov","description":"Profesion\u00e1lne tlmo\u010denie a preklady. V oblasti tlmo\u010denia a prekladov do nem\u010diny a sloven\u010diny sa neust\u00e1le vzdel\u00e1vam a zlep\u0161ujem svoje zru\u010dnosti.","robots":{"index":"index","follow":"follow","max-snippet":"max-snippet:-1","max-image-preview":"max-image-preview:large","max-video-preview":"max-video-preview:-1"},"canonical":"https:\/\/www.azbalance.sk\/","og_locale":"sk_SK","og_type":"article","og_title":"- AZ Balance Tlmo\u010denie a preklady: Nem\u010dina a sloven\u010dina pre profesion\u00e1lov","og_description":"Profesion\u00e1lne tlmo\u010denie a preklady. V oblasti tlmo\u010denia a prekladov do nem\u010diny a sloven\u010diny sa neust\u00e1le vzdel\u00e1vam a zlep\u0161ujem svoje zru\u010dnosti.","og_url":"https:\/\/www.azbalance.sk\/","og_site_name":"AZ Balance","article_modified_time":"2024-11-08T17:17:06+00:00","og_image":[{"width":1715,"height":1024,"url":"https:\/\/www.azbalance.sk\/wp-content\/uploads\/2024\/11\/15.png","type":"image\/png"}],"twitter_card":"summary_large_image","twitter_misc":{"Predpokladan\u00fd \u010das \u010d\u00edtania":"3 min\u00faty"},"schema":{"@context":"https:\/\/schema.org","@graph":[{"@type":"WebPage","@id":"https:\/\/www.azbalance.sk\/","url":"https:\/\/www.azbalance.sk\/","name":"- AZ Balance Tlmo\u010denie a preklady: Nem\u010dina a sloven\u010dina pre profesion\u00e1lov","isPartOf":{"@id":"https:\/\/www.azbalance.sk\/#website"},"primaryImageOfPage":{"@id":"https:\/\/www.azbalance.sk\/#primaryimage"},"image":{"@id":"https:\/\/www.azbalance.sk\/#primaryimage"},"thumbnailUrl":"https:\/\/www.azbalance.sk\/wp-content\/uploads\/2024\/11\/15.png","datePublished":"2024-11-04T10:35:05+00:00","dateModified":"2024-11-08T17:17:06+00:00","description":"Profesion\u00e1lne tlmo\u010denie a preklady. V oblasti tlmo\u010denia a prekladov do nem\u010diny a sloven\u010diny sa neust\u00e1le vzdel\u00e1vam a zlep\u0161ujem svoje zru\u010dnosti.","breadcrumb":{"@id":"https:\/\/www.azbalance.sk\/#breadcrumb"},"inLanguage":"sk-SK","potentialAction":[{"@type":"ReadAction","target":["https:\/\/www.azbalance.sk\/"]}]},{"@type":"ImageObject","inLanguage":"sk-SK","@id":"https:\/\/www.azbalance.sk\/#primaryimage","url":"https:\/\/www.azbalance.sk\/wp-content\/uploads\/2024\/11\/15.png","contentUrl":"https:\/\/www.azbalance.sk\/wp-content\/uploads\/2024\/11\/15.png","width":1715,"height":1024,"caption":"tlmo\u010denie preklady nem\u010dina sloven\u010dina"},{"@type":"BreadcrumbList","@id":"https:\/\/www.azbalance.sk\/#breadcrumb","itemListElement":[{"@type":"ListItem","position":1,"name":"Home","item":"https:\/\/www.azbalance.sk\/"},{"@type":"ListItem","position":2,"name":"Vitajte na webe AZ Balance!"}]},{"@type":"WebSite","@id":"https:\/\/www.azbalance.sk\/#website","url":"https:\/\/www.azbalance.sk\/","name":"AZ Balance","description":"Tlmo\u010denie a prekladanie","publisher":{"@id":"https:\/\/www.azbalance.sk\/#organization"},"potentialAction":[{"@type":"SearchAction","target":{"@type":"EntryPoint","urlTemplate":"https:\/\/www.azbalance.sk\/?s={search_term_string}"},"query-input":{"@type":"PropertyValueSpecification","valueRequired":true,"valueName":"search_term_string"}}],"inLanguage":"sk-SK"},{"@type":"Organization","@id":"https:\/\/www.azbalance.sk\/#organization","name":"AZ Balance","url":"https:\/\/www.azbalance.sk\/","logo":{"@type":"ImageObject","inLanguage":"sk-SK","@id":"https:\/\/www.azbalance.sk\/#\/schema\/logo\/image\/","url":"https:\/\/www.azbalance.sk\/wp-content\/uploads\/2024\/11\/logo-1.png","contentUrl":"https:\/\/www.azbalance.sk\/wp-content\/uploads\/2024\/11\/logo-1.png","width":327,"height":73,"caption":"AZ Balance"},"image":{"@id":"https:\/\/www.azbalance.sk\/#\/schema\/logo\/image\/"}}]}},"_links":{"self":[{"href":"https:\/\/www.azbalance.sk\/index.php?rest_route=\/wp\/v2\/pages\/37"}],"collection":[{"href":"https:\/\/www.azbalance.sk\/index.php?rest_route=\/wp\/v2\/pages"}],"about":[{"href":"https:\/\/www.azbalance.sk\/index.php?rest_route=\/wp\/v2\/types\/page"}],"author":[{"embeddable":true,"href":"https:\/\/www.azbalance.sk\/index.php?rest_route=\/wp\/v2\/users\/1"}],"replies":[{"embeddable":true,"href":"https:\/\/www.azbalance.sk\/index.php?rest_route=%2Fwp%2Fv2%2Fcomments&post=37"}],"version-history":[{"count":4,"href":"https:\/\/www.azbalance.sk\/index.php?rest_route=\/wp\/v2\/pages\/37\/revisions"}],"predecessor-version":[{"id":316,"href":"https:\/\/www.azbalance.sk\/index.php?rest_route=\/wp\/v2\/pages\/37\/revisions\/316"}],"wp:featuredmedia":[{"embeddable":true,"href":"https:\/\/www.azbalance.sk\/index.php?rest_route=\/wp\/v2\/media\/121"}],"wp:attachment":[{"href":"https:\/\/www.azbalance.sk\/index.php?rest_route=%2Fwp%2Fv2%2Fmedia&parent=37"}],"curies":[{"name":"wp","href":"https:\/\/api.w.org\/{rel}","templated":true}]}}