{"id":35,"date":"2024-11-04T11:35:04","date_gmt":"2024-11-04T10:35:04","guid":{"rendered":"https:\/\/matthewdesign2.wordpress.com\/about\/"},"modified":"2024-11-08T18:29:24","modified_gmt":"2024-11-08T17:29:24","slug":"azbalance-tlmocenie-referencie-prekladanie","status":"publish","type":"page","link":"https:\/\/www.azbalance.sk\/?page_id=35","title":{"rendered":"Referencie"},"content":{"rendered":"\n<div class=\"wp-block-group\"><div class=\"wp-block-group__inner-container is-layout-constrained wp-block-group-is-layout-constrained\">\n<div class=\"wp-block-group\"><div class=\"wp-block-group__inner-container is-layout-constrained wp-block-group-is-layout-constrained\">\n<div class=\"wp-block-columns is-layout-flex wp-container-core-columns-is-layout-1 wp-block-columns-is-layout-flex\">\n<div class=\"wp-block-column is-layout-flow wp-block-column-is-layout-flow\" style=\"flex-basis:100%\">\n<div class=\"wp-block-group is-content-justification-center is-layout-flex wp-container-core-group-is-layout-1 wp-block-group-is-layout-flex\">\n<figure class=\"wp-block-gallery has-nested-images columns-default is-cropped is-style-rectangular wp-block-gallery-1 is-layout-flex wp-block-gallery-is-layout-flex\">\n<figure class=\"wp-block-image size-large\"><a href=\"https:\/\/kw-holding.com\/\"><img loading=\"lazy\" decoding=\"async\" width=\"340\" height=\"156\" src=\"https:\/\/www.azbalance.sk\/wp-content\/uploads\/2024\/11\/kw_holding.png?w=340\" alt=\"kw holding partner \" class=\"wp-image-78\" srcset=\"https:\/\/www.azbalance.sk\/wp-content\/uploads\/2024\/11\/kw_holding.png 340w, https:\/\/www.azbalance.sk\/wp-content\/uploads\/2024\/11\/kw_holding-300x138.png 300w\" sizes=\"(max-width: 340px) 100vw, 340px\" \/><\/a><\/figure>\n\n\n\n<figure class=\"wp-block-image size-large\"><a href=\"https:\/\/www.pwrpack.com\/\"><img loading=\"lazy\" decoding=\"async\" width=\"270\" height=\"137\" src=\"https:\/\/www.azbalance.sk\/wp-content\/uploads\/2024\/11\/pwr_logo_mobile.png.png?w=270\" alt=\"pwr partner\" class=\"wp-image-77\"\/><\/a><\/figure>\n\n\n\n<figure class=\"wp-block-image size-large\"><a href=\"https:\/\/apsgroup.at\/\"><img loading=\"lazy\" decoding=\"async\" width=\"512\" height=\"256\" src=\"https:\/\/www.azbalance.sk\/wp-content\/uploads\/2024\/11\/aps.jpg?w=512\" alt=\"aps group partner\" class=\"wp-image-80\" srcset=\"https:\/\/www.azbalance.sk\/wp-content\/uploads\/2024\/11\/aps.jpg 512w, https:\/\/www.azbalance.sk\/wp-content\/uploads\/2024\/11\/aps-300x150.jpg 300w\" sizes=\"(max-width: 512px) 100vw, 512px\" \/><\/a><\/figure>\n<\/figure>\n<\/div>\n<\/div>\n<\/div>\n<\/div><\/div>\n<\/div><\/div>\n\n\n\n<h2 class=\"wp-block-heading has-text-align-center has-secondary-color has-text-color has-link-color wp-elements-1c1efcfd88bb305560abcce614808b15\"><a href=\"https:\/\/blaha-maschinenbau.sk\/de\/unternehmen\/\">Blaha-Maschinenbau<\/a><\/h2>\n\n\n\n<div style=\"height:32px\" aria-hidden=\"true\" class=\"wp-block-spacer desktop-only\"><\/div>\n\n\n\n<div style=\"height:32px\" aria-hidden=\"true\" class=\"wp-block-spacer desktop-only\"><\/div>\n\n\n\n<hr class=\"wp-block-separator has-css-opacity is-style-wide\"\/>\n\n\n\n<div style=\"height:32px\" aria-hidden=\"true\" class=\"wp-block-spacer desktop-only\"><\/div>\n\n\n\n<h2 class=\"wp-block-heading has-text-align-center has-text-color has-link-color wp-elements-2db0eeafea4d44be1f36eafa9eb0136e\" style=\"color:#384c50\">Potrebujete pom\u00f4c\u0165 s prekladom alebo tlmo\u010den\u00edm ?<\/h2>\n\n\n\n<div class=\"wp-block-buttons is-content-justification-center is-layout-flex wp-container-core-buttons-is-layout-1 wp-block-buttons-is-layout-flex\">\n<div class=\"wp-block-button has-custom-width wp-block-button__width-50 has-custom-font-size has-huge-font-size\"><a class=\"wp-block-button__link has-secondary-background-color has-background wp-element-button\" href=\"mailto:info@azbalance.sk\" style=\"border-style:none;border-width:0px;border-radius:20px;padding-top:var(--wp--preset--spacing--60);padding-right:0;padding-bottom:var(--wp--preset--spacing--60);padding-left:0\"><strong>Kontaktujte ma !<\/strong><\/a><\/div>\n<\/div>\n\n\n\n<hr class=\"wp-block-separator has-css-opacity is-style-wide\"\/>\n\n\n\n<div style=\"height:32px\" aria-hidden=\"true\" class=\"wp-block-spacer\"><\/div>\n\n\n\n<div class=\"wp-block-group alignfull has-background\" style=\"background-color:#a0d4e81a\"><div class=\"wp-block-group__inner-container is-layout-flow wp-block-group-is-layout-flow\">\n<div style=\"height:80px\" aria-hidden=\"true\" class=\"wp-block-spacer desktop-only\"><\/div>\n\n\n\n<div class=\"wp-block-columns alignwide is-layout-flex wp-container-core-columns-is-layout-2 wp-block-columns-is-layout-flex\">\n<div class=\"wp-block-column is-layout-flow wp-block-column-is-layout-flow\">\n<h5 class=\"wp-block-heading has-text-color has-link-color has-normal-font-size wp-elements-c7a675639eb91a5f6b469d60176b0a6a\" style=\"color:#0885a3\"><strong>AZbalance s.r.o.<\/strong><\/h5>\n\n\n\n<p class=\"has-text-color has-link-color has-small-font-size wp-elements-6fdc05e94cba74678977615df3767e95\" style=\"color:#384c50\">I\u010cO: 53 747 551<br>DI\u010c: 2121482264<br>I\u010c DPH: SK2121482264<\/p>\n\n\n\n<p class=\"has-text-align-left has-secondary-color has-text-color has-link-color wp-elements-790a882b41402543fb2345f1c1584f71\"><a href=\"https:\/\/www.azbalance.sk\/?page_id=35\">Referencie<\/a><\/p>\n<\/div>\n\n\n\n<div class=\"wp-block-column is-layout-flow wp-block-column-is-layout-flow\">\n<h6 class=\"wp-block-heading has-text-color has-link-color has-normal-font-size wp-elements-0445a65f57ecd9d8eb07c54aa2d5d020\" style=\"color:#0885a3\">\u00dadaje pre faktur\u00e1ciu<\/h6>\n\n\n\n<p class=\"has-text-color has-link-color has-small-font-size wp-elements-e624065e98375673f0be61a41e57e94b\" style=\"color:#384c50\">AZbalance s.r.o.<br>I\u010cO: 53 747 551<br>I\u010c DPH: SK2121482264<\/p>\n<\/div>\n\n\n\n<div class=\"wp-block-column is-layout-flow wp-block-column-is-layout-flow\">\n<h5 class=\"wp-block-heading has-text-color has-link-color has-normal-font-size wp-elements-bf3e42b3fa3129c1b2e827c283c3c3b7\" style=\"color:#0885a3\">Kontakt<\/h5>\n\n\n\n<p class=\"has-text-color has-link-color has-small-font-size wp-elements-031a36e61ada3a37bc38f8174d63c0ca\" style=\"color:#384c50\"><a href=\"mailto:zpprilepkova@gmail.com\">zpprilepkova@gmail.com<\/a><br><a href=\"mailto:info@azbalance.sk\">info@azbalance.sk<\/a><br><a href=\"call:+421915345551\">+421 915 345 551<\/a><br><a href=\"https:\/\/www.tiktok.com\/@finske.kade.a.sau?is_from_webapp=1&amp;sender_device=pc\">TikTok: finske.kade.a.sau<\/a><\/p>\n<\/div>\n\n\n\n<div class=\"wp-block-column is-vertically-aligned-center is-layout-flow wp-block-column-is-layout-flow\">\n<div class=\"wp-block-buttons alignwide is-content-justification-center is-layout-flex wp-container-core-buttons-is-layout-2 wp-block-buttons-is-layout-flex\">\n<div class=\"wp-block-button has-custom-width wp-block-button__width-100 has-custom-font-size has-normal-font-size\"><a class=\"wp-block-button__link has-background has-text-align-center wp-element-button\" href=\"https:\/\/www.azbalance.sk\/?page_id=36\" style=\"background-color:#0095b8;padding-right:var(--wp--preset--spacing--40);padding-left:var(--wp--preset--spacing--40)\">Za\u0161lite n\u00e1m dopyt<\/a><\/div>\n<\/div>\n<\/div>\n<\/div>\n\n\n\n<p class=\"has-text-align-left\"><\/p>\n\n\n\n<div style=\"height:80px\" aria-hidden=\"true\" class=\"wp-block-spacer desktop-only\"><\/div>\n<\/div><\/div>\n","protected":false},"excerpt":{"rendered":"<p>Blaha-Maschinenbau Potrebujete pom\u00f4c\u0165 s prekladom alebo tlmo\u010den\u00edm ?<\/p>\n","protected":false},"author":1,"featured_media":0,"parent":0,"menu_order":1,"comment_status":"closed","ping_status":"closed","template":"","meta":{"footnotes":""},"class_list":["post-35","page","type-page","status-publish","hentry","entry"],"yoast_head":"<!-- This site is optimized with the Yoast SEO plugin v23.8 - https:\/\/yoast.com\/wordpress\/plugins\/seo\/ -->\n<title>Referencie - AZ Balance<\/title>\n<meta name=\"description\" content=\"Objavte na\u0161e referencie, ktor\u00e9 dokazuj\u00fa kvalitu na\u0161ich slu\u017eieb. Pridajte sa k na\u0161im \u00faspe\u0161n\u00fdm z\u00e1kazn\u00edkom a zverte sa do r\u00fak odborn\u00edkov!\" \/>\n<meta name=\"robots\" content=\"index, follow, max-snippet:-1, max-image-preview:large, max-video-preview:-1\" \/>\n<link rel=\"canonical\" href=\"https:\/\/www.azbalance.sk\/?page_id=35\" \/>\n<meta property=\"og:locale\" content=\"sk_SK\" \/>\n<meta property=\"og:type\" content=\"article\" \/>\n<meta property=\"og:title\" content=\"Referencie - AZ Balance\" \/>\n<meta property=\"og:description\" content=\"Objavte na\u0161e referencie, ktor\u00e9 dokazuj\u00fa kvalitu na\u0161ich slu\u017eieb. Pridajte sa k na\u0161im \u00faspe\u0161n\u00fdm z\u00e1kazn\u00edkom a zverte sa do r\u00fak odborn\u00edkov!\" \/>\n<meta property=\"og:url\" content=\"https:\/\/www.azbalance.sk\/?page_id=35\" \/>\n<meta property=\"og:site_name\" content=\"AZ Balance\" \/>\n<meta property=\"article:modified_time\" content=\"2024-11-08T17:29:24+00:00\" \/>\n<meta property=\"og:image\" content=\"https:\/\/www.azbalance.sk\/wp-content\/uploads\/2024\/11\/kw_holding.png\" \/>\n\t<meta property=\"og:image:width\" content=\"340\" \/>\n\t<meta property=\"og:image:height\" content=\"156\" \/>\n\t<meta property=\"og:image:type\" content=\"image\/png\" \/>\n<meta name=\"twitter:card\" content=\"summary_large_image\" \/>\n<meta name=\"twitter:label1\" content=\"Predpokladan\u00fd \u010das \u010d\u00edtania\" \/>\n\t<meta name=\"twitter:data1\" content=\"1 min\u00fata\" \/>\n<script type=\"application\/ld+json\" class=\"yoast-schema-graph\">{\"@context\":\"https:\/\/schema.org\",\"@graph\":[{\"@type\":\"WebPage\",\"@id\":\"https:\/\/www.azbalance.sk\/?page_id=35\",\"url\":\"https:\/\/www.azbalance.sk\/?page_id=35\",\"name\":\"Referencie - AZ Balance\",\"isPartOf\":{\"@id\":\"https:\/\/www.azbalance.sk\/#website\"},\"primaryImageOfPage\":{\"@id\":\"https:\/\/www.azbalance.sk\/?page_id=35#primaryimage\"},\"image\":{\"@id\":\"https:\/\/www.azbalance.sk\/?page_id=35#primaryimage\"},\"thumbnailUrl\":\"https:\/\/www.azbalance.sk\/wp-content\/uploads\/2024\/11\/kw_holding.png?w=340\",\"datePublished\":\"2024-11-04T10:35:04+00:00\",\"dateModified\":\"2024-11-08T17:29:24+00:00\",\"description\":\"Objavte na\u0161e referencie, ktor\u00e9 dokazuj\u00fa kvalitu na\u0161ich slu\u017eieb. Pridajte sa k na\u0161im \u00faspe\u0161n\u00fdm z\u00e1kazn\u00edkom a zverte sa do r\u00fak odborn\u00edkov!\",\"breadcrumb\":{\"@id\":\"https:\/\/www.azbalance.sk\/?page_id=35#breadcrumb\"},\"inLanguage\":\"sk-SK\",\"potentialAction\":[{\"@type\":\"ReadAction\",\"target\":[\"https:\/\/www.azbalance.sk\/?page_id=35\"]}]},{\"@type\":\"ImageObject\",\"inLanguage\":\"sk-SK\",\"@id\":\"https:\/\/www.azbalance.sk\/?page_id=35#primaryimage\",\"url\":\"https:\/\/www.azbalance.sk\/wp-content\/uploads\/2024\/11\/kw_holding.png\",\"contentUrl\":\"https:\/\/www.azbalance.sk\/wp-content\/uploads\/2024\/11\/kw_holding.png\",\"width\":340,\"height\":156,\"caption\":\"tlmo\u010denie preklady nem\u010dina sloven\u010dina\"},{\"@type\":\"BreadcrumbList\",\"@id\":\"https:\/\/www.azbalance.sk\/?page_id=35#breadcrumb\",\"itemListElement\":[{\"@type\":\"ListItem\",\"position\":1,\"name\":\"Home\",\"item\":\"https:\/\/www.azbalance.sk\/\"},{\"@type\":\"ListItem\",\"position\":2,\"name\":\"Referencie\"}]},{\"@type\":\"WebSite\",\"@id\":\"https:\/\/www.azbalance.sk\/#website\",\"url\":\"https:\/\/www.azbalance.sk\/\",\"name\":\"AZ Balance\",\"description\":\"Tlmo\u010denie a prekladanie\",\"publisher\":{\"@id\":\"https:\/\/www.azbalance.sk\/#organization\"},\"potentialAction\":[{\"@type\":\"SearchAction\",\"target\":{\"@type\":\"EntryPoint\",\"urlTemplate\":\"https:\/\/www.azbalance.sk\/?s={search_term_string}\"},\"query-input\":{\"@type\":\"PropertyValueSpecification\",\"valueRequired\":true,\"valueName\":\"search_term_string\"}}],\"inLanguage\":\"sk-SK\"},{\"@type\":\"Organization\",\"@id\":\"https:\/\/www.azbalance.sk\/#organization\",\"name\":\"AZ Balance\",\"url\":\"https:\/\/www.azbalance.sk\/\",\"logo\":{\"@type\":\"ImageObject\",\"inLanguage\":\"sk-SK\",\"@id\":\"https:\/\/www.azbalance.sk\/#\/schema\/logo\/image\/\",\"url\":\"https:\/\/www.azbalance.sk\/wp-content\/uploads\/2024\/11\/logo-1.png\",\"contentUrl\":\"https:\/\/www.azbalance.sk\/wp-content\/uploads\/2024\/11\/logo-1.png\",\"width\":327,\"height\":73,\"caption\":\"AZ Balance\"},\"image\":{\"@id\":\"https:\/\/www.azbalance.sk\/#\/schema\/logo\/image\/\"}}]}<\/script>\n<!-- \/ Yoast SEO plugin. -->","yoast_head_json":{"title":"Referencie - AZ Balance","description":"Objavte na\u0161e referencie, ktor\u00e9 dokazuj\u00fa kvalitu na\u0161ich slu\u017eieb. Pridajte sa k na\u0161im \u00faspe\u0161n\u00fdm z\u00e1kazn\u00edkom a zverte sa do r\u00fak odborn\u00edkov!","robots":{"index":"index","follow":"follow","max-snippet":"max-snippet:-1","max-image-preview":"max-image-preview:large","max-video-preview":"max-video-preview:-1"},"canonical":"https:\/\/www.azbalance.sk\/?page_id=35","og_locale":"sk_SK","og_type":"article","og_title":"Referencie - AZ Balance","og_description":"Objavte na\u0161e referencie, ktor\u00e9 dokazuj\u00fa kvalitu na\u0161ich slu\u017eieb. Pridajte sa k na\u0161im \u00faspe\u0161n\u00fdm z\u00e1kazn\u00edkom a zverte sa do r\u00fak odborn\u00edkov!","og_url":"https:\/\/www.azbalance.sk\/?page_id=35","og_site_name":"AZ Balance","article_modified_time":"2024-11-08T17:29:24+00:00","og_image":[{"width":340,"height":156,"url":"https:\/\/www.azbalance.sk\/wp-content\/uploads\/2024\/11\/kw_holding.png","type":"image\/png"}],"twitter_card":"summary_large_image","twitter_misc":{"Predpokladan\u00fd \u010das \u010d\u00edtania":"1 min\u00fata"},"schema":{"@context":"https:\/\/schema.org","@graph":[{"@type":"WebPage","@id":"https:\/\/www.azbalance.sk\/?page_id=35","url":"https:\/\/www.azbalance.sk\/?page_id=35","name":"Referencie - AZ Balance","isPartOf":{"@id":"https:\/\/www.azbalance.sk\/#website"},"primaryImageOfPage":{"@id":"https:\/\/www.azbalance.sk\/?page_id=35#primaryimage"},"image":{"@id":"https:\/\/www.azbalance.sk\/?page_id=35#primaryimage"},"thumbnailUrl":"https:\/\/www.azbalance.sk\/wp-content\/uploads\/2024\/11\/kw_holding.png?w=340","datePublished":"2024-11-04T10:35:04+00:00","dateModified":"2024-11-08T17:29:24+00:00","description":"Objavte na\u0161e referencie, ktor\u00e9 dokazuj\u00fa kvalitu na\u0161ich slu\u017eieb. Pridajte sa k na\u0161im \u00faspe\u0161n\u00fdm z\u00e1kazn\u00edkom a zverte sa do r\u00fak odborn\u00edkov!","breadcrumb":{"@id":"https:\/\/www.azbalance.sk\/?page_id=35#breadcrumb"},"inLanguage":"sk-SK","potentialAction":[{"@type":"ReadAction","target":["https:\/\/www.azbalance.sk\/?page_id=35"]}]},{"@type":"ImageObject","inLanguage":"sk-SK","@id":"https:\/\/www.azbalance.sk\/?page_id=35#primaryimage","url":"https:\/\/www.azbalance.sk\/wp-content\/uploads\/2024\/11\/kw_holding.png","contentUrl":"https:\/\/www.azbalance.sk\/wp-content\/uploads\/2024\/11\/kw_holding.png","width":340,"height":156,"caption":"tlmo\u010denie preklady nem\u010dina sloven\u010dina"},{"@type":"BreadcrumbList","@id":"https:\/\/www.azbalance.sk\/?page_id=35#breadcrumb","itemListElement":[{"@type":"ListItem","position":1,"name":"Home","item":"https:\/\/www.azbalance.sk\/"},{"@type":"ListItem","position":2,"name":"Referencie"}]},{"@type":"WebSite","@id":"https:\/\/www.azbalance.sk\/#website","url":"https:\/\/www.azbalance.sk\/","name":"AZ Balance","description":"Tlmo\u010denie a prekladanie","publisher":{"@id":"https:\/\/www.azbalance.sk\/#organization"},"potentialAction":[{"@type":"SearchAction","target":{"@type":"EntryPoint","urlTemplate":"https:\/\/www.azbalance.sk\/?s={search_term_string}"},"query-input":{"@type":"PropertyValueSpecification","valueRequired":true,"valueName":"search_term_string"}}],"inLanguage":"sk-SK"},{"@type":"Organization","@id":"https:\/\/www.azbalance.sk\/#organization","name":"AZ Balance","url":"https:\/\/www.azbalance.sk\/","logo":{"@type":"ImageObject","inLanguage":"sk-SK","@id":"https:\/\/www.azbalance.sk\/#\/schema\/logo\/image\/","url":"https:\/\/www.azbalance.sk\/wp-content\/uploads\/2024\/11\/logo-1.png","contentUrl":"https:\/\/www.azbalance.sk\/wp-content\/uploads\/2024\/11\/logo-1.png","width":327,"height":73,"caption":"AZ Balance"},"image":{"@id":"https:\/\/www.azbalance.sk\/#\/schema\/logo\/image\/"}}]}},"_links":{"self":[{"href":"https:\/\/www.azbalance.sk\/index.php?rest_route=\/wp\/v2\/pages\/35"}],"collection":[{"href":"https:\/\/www.azbalance.sk\/index.php?rest_route=\/wp\/v2\/pages"}],"about":[{"href":"https:\/\/www.azbalance.sk\/index.php?rest_route=\/wp\/v2\/types\/page"}],"author":[{"embeddable":true,"href":"https:\/\/www.azbalance.sk\/index.php?rest_route=\/wp\/v2\/users\/1"}],"replies":[{"embeddable":true,"href":"https:\/\/www.azbalance.sk\/index.php?rest_route=%2Fwp%2Fv2%2Fcomments&post=35"}],"version-history":[{"count":2,"href":"https:\/\/www.azbalance.sk\/index.php?rest_route=\/wp\/v2\/pages\/35\/revisions"}],"predecessor-version":[{"id":310,"href":"https:\/\/www.azbalance.sk\/index.php?rest_route=\/wp\/v2\/pages\/35\/revisions\/310"}],"wp:attachment":[{"href":"https:\/\/www.azbalance.sk\/index.php?rest_route=%2Fwp%2Fv2%2Fmedia&parent=35"}],"curies":[{"name":"wp","href":"https:\/\/api.w.org\/{rel}","templated":true}]}}